{"id":37007,"date":"2025-04-14T13:25:59","date_gmt":"2025-04-14T11:25:59","guid":{"rendered":"https:\/\/www.provilan.com\/?page_id=37007"},"modified":"2026-01-12T13:29:43","modified_gmt":"2026-01-12T12:29:43","slug":"nettoyant-sol-concentre","status":"publish","type":"page","link":"https:\/\/www.provilan.com\/fr\/bio-nettoyage\/nettoyant-sol-concentre\/","title":{"rendered":"Floor Cleaner"},"content":{"rendered":"\t\t<div data-elementor-type=\"wp-page\" data-elementor-id=\"37007\" class=\"elementor elementor-37007\" data-elementor-post-type=\"page\">\n\t\t\t\t<div class=\"elementor-element elementor-element-44f74864 e-flex e-con-boxed e-con e-parent\" data-id=\"44f74864\" data-element_type=\"container\" data-e-type=\"container\">\n\t\t\t\t\t<div class=\"e-con-inner\">\n\t\t\t\t<div class=\"elementor-element elementor-element-e2d4c58 elementor-widget elementor-widget-text-editor\" data-id=\"e2d4c58\" data-element_type=\"widget\" data-e-type=\"widget\" data-widget_type=\"text-editor.default\">\n\t\t\t\t<div class=\"elementor-widget-container\">\n\t\t\t\t\t\t\t\t\t<div>\n<p><strong>Floor Cleaner : Le Nettoyant \u00c9coresponsable Ultime pour le sol.<\/strong><\/p>\n<p><strong>FLOOR CLEANER<\/strong> est un nettoyant concentr\u00e9 sp\u00e9cialement d\u00e9velopp\u00e9 pour nettoyer tous les types de sols. Sa formule enrichie en microorganismes permet d\u2019\u00e9liminer les r\u00e9sidus organiques m\u00eame dans les endroits les plus difficilement atteignables.<\/p>\n<p><strong>Pourquoi Floor Cleaner est-il un incontournable ?<\/strong><\/p>\n<ul>\n<li><strong>Nettoyage des sols<\/strong> : Test\u00e9 sur tous types de sols, des carrelages traditionnels. Il garantit des r\u00e9sultats impeccables sans risque d\u2019endommager vos sols<\/li>\n<li><strong>Nettoyage microscopique<\/strong> : \u00c9limine m\u00eame les d\u00e9chets organiques invisibles pour un nettoyage en profondeur.<\/li>\n<\/ul>\n<p><strong><br>Avantages suppl\u00e9mentaires :<\/strong><\/p>\n<ul>\n<li><strong>Performance hors norme<\/strong> : Insane en termes de r\u00e9sultats, il excelle par sa polyvalence et son efficacit\u00e9, que ce soit pour des applications domestiques ou professionnelles.<\/li>\n<li><strong>Respect de l\u2019environnement<\/strong> : Formul\u00e9 avec des micro-organismes naturels pour un nettoyage puissant mais \u00e9cologique.<\/li>\n<li><strong>S\u00fbr et fiable<\/strong> : Con\u00e7u pour pr\u00e9server la qualit\u00e9 et l\u2019int\u00e9grit\u00e9 des surfaces sensibles tout en optimisant l\u2019hygi\u00e8ne.<\/li>\n<\/ul><div><br><\/div>\n<p>Avec<strong> Floor&nbsp;Cleaner<\/strong>, vous b\u00e9n\u00e9ficiez d\u2019un produit qui r\u00e9pond \u00e0 tous vos besoins de nettoyage pour vos sols. Ce nettoyant symbolise v\u00e9ritablement un nettoyage de vos sols, combinant efficacit\u00e9 et durabilit\u00e9.<\/p>\n<p><em>Adoptez <strong>Floor&nbsp;Cleaner<\/strong> pour une solution de nettoyage puissante et respectueuse de la plan\u00e8te.<\/em><\/p>\n<p>Ce produit est certifi\u00e9&nbsp;<a href=\"https:\/\/www.provilan.com\/wp-content\/uploads\/2026\/01\/CERTIFICAT-ECOLABEL_FLOOR-CLEANER-CONCENTRE.pdf\" target=\"_blank\" rel=\"noopener\">EU Ecolabel \u2013&nbsp;LU\/020\/007<\/a><span style=\"font-size: 1rem;\">.<\/span><\/p>\n<p>Num\u00e9ro d&rsquo;article : CLN018 L1 (2519) (1l) &#8211; version concentr\u00e9e<br>Num\u00e9ro d&rsquo;article : CLN018 L1 (2526) (5l) &#8211; version concentr\u00e9e<\/p>\n<\/div>\n<div>\n<div>\n<h2>Conseils d\u2019utilisation<\/h2>\n<p>Diluez selon un rapport de dilution conseill\u00e9 de 1:100 (1%). M\u00e9langez 40 \u00e0 100 ml en fonction <br>du degr\u00e9 de salet\u00e9 dans 10 L d\u2019eau ti\u00e8de et nettoyez le sol. Rincer la mousse si n\u00e9cessaire. Agitez avant utilisation.&nbsp;<span style=\"font-size: 1rem;\">Ne pas m\u00e9langer avec d&rsquo;autres produits.<\/span><\/p>\n<\/div>\n<div>\n<h2>Conditionnement<\/h2>\n<ol>\n<li>Bouteille PCR (plastique recycl\u00e9 et recyclable) bouchon ferm\u00e9 ou bouchon doseur &#8211; 1l<\/li>\n<li>Bidon de 5l<\/li>\n<\/ol>\n<\/div>\n<div>\n<h2>Recommandations<\/h2>\n<p>Secouer avant emploi. Ne pas utiliser en combinaison avec d\u2019autres produits. Ne pas utiliser sur le marbre, la pierre naturelle ou les surfaces sensibles aux acides. Ne pas ing\u00e9rer. \u00c9viter le contact avec les yeux. Conserver dans un endroit sec entre 10\u00b0C &amp; 30\u00b0C et hors de la port\u00e9e des jeunes enfants.<\/p>\n<h2 style=\"color: #005468; font-family: Poppins, sans-serif; font-weight: 600; line-height: 38.4px;\">Ce produit est certifi\u00e9<\/h2>\n<div><img decoding=\"async\" src=\"https:\/\/www.researchgate.net\/profile\/Giuseppe-Veltri-2\/publication\/303334969\/figure\/fig26\/AS:363371418406914@1463645905189\/The-EU-Ecolabel-logo.png\"><\/div>\n<\/div>\n<\/div>\t\t\t\t\t\t\t\t<\/div>\n\t\t\t\t<\/div>\n\t\t\t\t\t<\/div>\n\t\t\t\t<\/div>\n\t\t\t\t<\/div>\n\t\t","protected":false},"excerpt":{"rendered":"<p>Floor Cleaner est un nettoyant qui nettoie en profondeur et avec efficacit\u00e9 afin d\u2019\u00e9liminer jusqu\u2019au plus microscopique des d\u00e9chets organiques.<\/p>\n","protected":false},"author":3,"featured_media":38642,"parent":1433,"menu_order":0,"comment_status":"closed","ping_status":"closed","template":"","meta":{"footnotes":""},"class_list":["post-37007","page","type-page","status-publish","has-post-thumbnail","hentry"],"_links":{"self":[{"href":"https:\/\/www.provilan.com\/fr\/wp-json\/wp\/v2\/pages\/37007","targetHints":{"allow":["GET"]}}],"collection":[{"href":"https:\/\/www.provilan.com\/fr\/wp-json\/wp\/v2\/pages"}],"about":[{"href":"https:\/\/www.provilan.com\/fr\/wp-json\/wp\/v2\/types\/page"}],"author":[{"embeddable":true,"href":"https:\/\/www.provilan.com\/fr\/wp-json\/wp\/v2\/users\/3"}],"replies":[{"embeddable":true,"href":"https:\/\/www.provilan.com\/fr\/wp-json\/wp\/v2\/comments?post=37007"}],"version-history":[{"count":1,"href":"https:\/\/www.provilan.com\/fr\/wp-json\/wp\/v2\/pages\/37007\/revisions"}],"predecessor-version":[{"id":39434,"href":"https:\/\/www.provilan.com\/fr\/wp-json\/wp\/v2\/pages\/37007\/revisions\/39434"}],"up":[{"embeddable":true,"href":"https:\/\/www.provilan.com\/fr\/wp-json\/wp\/v2\/pages\/1433"}],"wp:featuredmedia":[{"embeddable":true,"href":"https:\/\/www.provilan.com\/fr\/wp-json\/wp\/v2\/media\/38642"}],"wp:attachment":[{"href":"https:\/\/www.provilan.com\/fr\/wp-json\/wp\/v2\/media?parent=37007"}],"curies":[{"name":"wp","href":"https:\/\/api.w.org\/{rel}","templated":true}]}}