{"id":34029,"date":"2024-08-17T00:23:18","date_gmt":"2024-08-16T22:23:18","guid":{"rendered":"https:\/\/www.provilan.com\/?page_id=34029"},"modified":"2025-08-12T13:59:15","modified_gmt":"2025-08-12T11:59:15","slug":"purificateur-eaux","status":"publish","type":"page","link":"https:\/\/www.provilan.com\/fr\/provilan-earth\/purificateur-eaux\/","title":{"rendered":"Water purifier"},"content":{"rendered":"\t\t<div data-elementor-type=\"wp-page\" data-elementor-id=\"34029\" class=\"elementor elementor-34029\" data-elementor-post-type=\"page\">\n\t\t\t\t<div class=\"elementor-element elementor-element-0dc85a5 e-con-full e-flex e-con e-parent\" data-id=\"0dc85a5\" data-element_type=\"container\" data-e-type=\"container\">\n\t\t\t\t<div class=\"elementor-element elementor-element-bd1271f elementor-widget elementor-widget-text-editor\" data-id=\"bd1271f\" data-element_type=\"widget\" data-e-type=\"widget\" data-widget_type=\"text-editor.default\">\n\t\t\t\t<div class=\"elementor-widget-container\">\n\t\t\t\t\t\t\t\t\t<p>D\u00e9couvrez le <strong>Provilan Earth<\/strong> <strong>Purificateur d&rsquo;Eau<\/strong>&nbsp;\u2013 une solution r\u00e9volutionnaire qui am\u00e9liore consid\u00e9rablement la qualit\u00e9 de l&rsquo;eau, sa puret\u00e9 et son apparence visuelle tout en respectant la flore et la faune pr\u00e9sentes dans tout environnement aquatique. En utilisant des micro-organismes sp\u00e9cialement s\u00e9lectionn\u00e9s pour leurs capacit\u00e9s de biorem\u00e9diation, ce purificateur assainit l&rsquo;eau de mani\u00e8re naturelle et efficace. Ces micro-organismes d\u00e9gradent les contaminants et restaurent l&rsquo;\u00e9quilibre \u00e9cologique, tout en contribuant \u00e0 la r\u00e9duction des bact\u00e9ries ind\u00e9sirables et \u00e0 la min\u00e9ralisation des \u00e9cosyst\u00e8mes aquatiques. Transformez vos espaces aquatiques avec Provilan, o\u00f9 la puret\u00e9 et la technologie s&rsquo;unissent au service de la nature.<\/p>\n<p>Le Provilan Earth Purificateur d&rsquo;Eau est votre solution id\u00e9ale pour r\u00e9soudre une large gamme de probl\u00e8mes li\u00e9s aux lagunages, \u00e9tangs, piscines biologiques, piscicultures ou bassins ornementaux. Les stations d&rsquo;\u00e9puration peuvent \u00e9galement utiliser cette technologies pour r\u00e9duire des polluants.<\/p>\n<p style=\"margin-left: 0px;\"><span style=\"font-size: inherit;\"><b>Ce produit innovant offre :<\/b><\/span><\/p>\n<p><\/p>\n<ul>\n<li>Un \u00e9quilibre optimis\u00e9 de l\u2019eau gr\u00e2ce \u00e0 la r\u00e9duction naturelle des exc\u00e8s de nutriments tels que les nitrites, les phosphates et la mati\u00e8re organique.<\/li>\n<li>Un enrichissement min\u00e9ral de l\u2019eau gr\u00e2ce \u00e0 des sels min\u00e9raux essentiels.<\/li>\n<li>Une clart\u00e9 de l\u2019eau am\u00e9lior\u00e9e gr\u00e2ce \u00e0 la d\u00e9composition naturelle des mati\u00e8res organiques.<\/li>\n<li>Une diminution notable de l\u2019accumulation de vase et de d\u00e9p\u00f4ts au fil du temps.<\/li>\n<li>Un effet durable gr\u00e2ce \u00e0 son mode d\u2019action \u00e0 lib\u00e9ration lente.<\/li>\n<li>Une harmonisation du micro\u2011\u00e9cosyst\u00e8me aquatique pour des conditions d\u2019eau \u00e9quilibr\u00e9es.<\/li>\n<li>Une am\u00e9lioration naturelle de la qualit\u00e9 globale de l\u2019eau.<\/li>\n<li>Une r\u00e9duction significative des particules en suspension pour une eau visiblement plus propre et plus claire.<\/li>\n<\/ul>\n<p><span style=\"font-size: 1rem;\"><br>Avec le <\/span><strong style=\"font-size: 1rem;\">Provilan Earth Purificateur d&rsquo;Eau<\/strong><span style=\"font-size: 1rem;\">, maintenez des environnements aquatiques impeccables sans effort.<\/span><\/p>\n<p>R\u00e9f\u00e9rence : <strong>TER001<\/strong>&nbsp;(anciennement TERRAA+)<\/p>\n<h2>Manuel de l&rsquo;utilisateur<\/h2>\n<p>En fonction du volume d&rsquo;eau \u00e0 traiter, la dose appropri\u00e9e de Provilan Earth Water Purifier sera appliqu\u00e9e soit en surface, soit directement au c\u0153ur de l&rsquo;environnement aquatique.<\/p>\n<p>Exemple des eaux stationnaires. Le purificateur d&rsquo;eau fonctionne en deux phases distinctes. La premi\u00e8re phase consiste en la colonisation de l&rsquo;environnement (BOOST) par la dispersion manuelle de 100 grammes de Provilan Earth Water Purifier par m\u00e8tre cube d&rsquo;eau \u00e0 traiter. La seconde phase consiste en une dose d&rsquo;entretien (MAINTENANCE), avec une application mensuelle de 50 grammes par m\u00e8tre cube.<\/p>\n<p>Exemple des eaux us\u00e9es en STEP. Le purificateur d&rsquo;eau fonctionne en deux phases distinctes. La premi\u00e8re phase consiste en la colonisation de l&rsquo;environnement (BOOST) par la dispersion manuelle de 1kg de Provilan Earth Water Purifier par m\u00e8tre cube d&rsquo;eau \u00e0 traiter. La seconde phase consiste en une dose d&rsquo;entretien (MAINTENANCE), avec une application hebdomadaire de 100 grammes par m\u00e8tre cube.<\/p>\n<h2>Composition<\/h2>\n<ol>\n<li>Bicarbonate<\/li>\n<li>Sels min\u00e9raux<\/li>\n<li>Complexe enzymatique<\/li>\n<li>Microorganismes<\/li>\n<\/ol>\n<h2>Emballage<\/h2>\n<ol>\n<li>Sauts de 10kg<\/li>\n<li>F\u00fbts de 200kg<\/li>\n<\/ol>\n<h2>Recommandations<\/h2>\n<p>Bien fermer l\u2019emballage apr\u00e8s utilisation. Eviter l&rsquo;humidit\u00e9 dans le contenant. Ne pas utiliser en combinaison avec d&rsquo;autres produits sauf indications de la part de Probiotic Group. \u00c9viter le contact avec les yeux. Conserver dans un endroit sec entre 10\u00b0C et 45\u00b0C et hors de port\u00e9e des enfants.<\/p>\n<h2>Ce produit est certifi\u00e9<\/h2>\n<div>\n<div>\n<div><img decoding=\"async\" src=\"https:\/\/www.provilan.com\/wp-content\/uploads\/2020\/03\/sdk-certifi.png\" alt=\"sdk\"><img decoding=\"async\" src=\"https:\/\/www.provilan.com\/wp-content\/uploads\/2018\/06\/Made-in_transparent.png\"><\/div>\n<\/div>\n<\/div>\t\t\t\t\t\t\t\t<\/div>\n\t\t\t\t<\/div>\n\t\t\t\t<\/div>\n\t\t<div class=\"elementor-element elementor-element-28a5cc4 e-flex e-con-boxed e-con e-parent\" data-id=\"28a5cc4\" data-element_type=\"container\" data-e-type=\"container\">\n\t\t\t\t\t<div class=\"e-con-inner\">\n\t\t\t\t<div class=\"elementor-element elementor-element-b47754d elementor-align-center elementor-widget elementor-widget-button\" data-id=\"b47754d\" data-element_type=\"widget\" data-e-type=\"widget\" data-widget_type=\"button.default\">\n\t\t\t\t<div class=\"elementor-widget-container\">\n\t\t\t\t\t\t\t\t\t<div class=\"elementor-button-wrapper\">\n\t\t\t\t\t<a class=\"elementor-button elementor-button-link elementor-size-sm\" href=\"https:\/\/probioticgroup.sharepoint.com\/:b:\/s\/PBGTeam\/EcQS2JBr9jZMkLbaFEmPn_0BOTsLCB9rOhVdp0GWtcC4HQ?e=Ga4w0y\">\n\t\t\t\t\t\t<span class=\"elementor-button-content-wrapper\">\n\t\t\t\t\t\t\t\t\t<span class=\"elementor-button-text\">Fiche de donn\u00e9es de securit\u00e9<\/span>\n\t\t\t\t\t<\/span>\n\t\t\t\t\t<\/a>\n\t\t\t\t<\/div>\n\t\t\t\t\t\t\t\t<\/div>\n\t\t\t\t<\/div>\n\t\t\t\t\t<\/div>\n\t\t\t\t<\/div>\n\t\t\t\t<\/div>\n\t\t","protected":false},"excerpt":{"rendered":"<p>Provilan Earth Purificateur d&rsquo;eaux d\u00e9grade des mati\u00e8res organiques dans les eaux d&rsquo;aquaculture ou us\u00e9es.<\/p>\n","protected":false},"author":3,"featured_media":34046,"parent":33838,"menu_order":0,"comment_status":"closed","ping_status":"closed","template":"","meta":{"footnotes":""},"class_list":["post-34029","page","type-page","status-publish","has-post-thumbnail","hentry"],"_links":{"self":[{"href":"https:\/\/www.provilan.com\/fr\/wp-json\/wp\/v2\/pages\/34029","targetHints":{"allow":["GET"]}}],"collection":[{"href":"https:\/\/www.provilan.com\/fr\/wp-json\/wp\/v2\/pages"}],"about":[{"href":"https:\/\/www.provilan.com\/fr\/wp-json\/wp\/v2\/types\/page"}],"author":[{"embeddable":true,"href":"https:\/\/www.provilan.com\/fr\/wp-json\/wp\/v2\/users\/3"}],"replies":[{"embeddable":true,"href":"https:\/\/www.provilan.com\/fr\/wp-json\/wp\/v2\/comments?post=34029"}],"version-history":[{"count":1,"href":"https:\/\/www.provilan.com\/fr\/wp-json\/wp\/v2\/pages\/34029\/revisions"}],"predecessor-version":[{"id":38947,"href":"https:\/\/www.provilan.com\/fr\/wp-json\/wp\/v2\/pages\/34029\/revisions\/38947"}],"up":[{"embeddable":true,"href":"https:\/\/www.provilan.com\/fr\/wp-json\/wp\/v2\/pages\/33838"}],"wp:featuredmedia":[{"embeddable":true,"href":"https:\/\/www.provilan.com\/fr\/wp-json\/wp\/v2\/media\/34046"}],"wp:attachment":[{"href":"https:\/\/www.provilan.com\/fr\/wp-json\/wp\/v2\/media?parent=34029"}],"curies":[{"name":"wp","href":"https:\/\/api.w.org\/{rel}","templated":true}]}}